{"id":80,"date":"2017-04-17T17:30:43","date_gmt":"2017-04-17T17:30:43","guid":{"rendered":"http:\/\/boltenhagen.haus\/?page_id=80"},"modified":"2026-01-24T12:31:27","modified_gmt":"2026-01-24T12:31:27","slug":"schatzkiste","status":"publish","type":"page","link":"http:\/\/www.boltenhagen.haus\/?page_id=80","title":{"rendered":"Ferienhaus Schatzkiste"},"content":{"rendered":"<p><span style=\"font-family: 'Georgia',serif; color: #333333;\">Das Reetdachhaus Schatzkiste bietet Ihnen auf ca. 102 qm Wohnfl\u00e4che und drei Ebenen viel Platz. Es verf\u00fcgt \u00fcber 6 Betten mit hochwertigen Matratzen und ein Kinderreisebett.<\/span><\/p>\n<p><span style=\"font-family: 'Georgia',serif; color: #333333;\">Wenn Sie das Haus betreten, erwartet Sie im Flur eine gro\u00dfz\u00fcgige Garderobe. Vom Flur gelangen Sie im Erdgeschoss in den gro\u00dfen Wohn- und Essbereich mit offener K\u00fcche. Im Wohnbereich erwartet Sie eine bequeme Sitzecke. F\u00fcr Ihre Unterhaltung sorgen ein Flachbild-Fernseher, ein DVD-Player und eine Musikanlage.<\/span><\/p>\n<p><span style=\"font-family: 'Georgia',serif; color: #333333;\">Eine gut ausgestattete offene K\u00fcche mit Insel und viel Stauraum l\u00e4sst keine W\u00fcnsche offen. Ein Cerankochfeld mit Induktionstechnik, ein Backofen, eine Mikrowelle, ein K\u00fchl-und Gefrierschrank, eine Geschirrsp\u00fclmaschine sind ebenso vorhanden wie eine Kaffeemaschine, ein Toaster, ein Mixer, ein P\u00fcrierstab und ein Wasserkessel. Auch Backformen, ein Waffeleisen, ein Raclette sowie ein Fondue geh\u00f6ren zur K\u00fcchenausstattung. Am gro\u00dfen Esstisch gleich neben der K\u00fcche genie\u00dfen Sie die Mahlzeiten. Im Erdgeschoss befindet sich ein Bad mit ebenerdiger Dusche.<\/span><\/p>\n<p><span style=\"font-family: 'Georgia',serif; color: #333333;\">Im Obergeschoss erwarten Sie eine kleine Meditationsecke, zwei Schlafzimmer mit Doppelbetten sowie ein Bad mit Badewanne. Genie\u00dfen Sie die Infrarotsauna mit 7 Strahlern. Ferner steht Ihnen eine Waschmaschine und ein W\u00e4schereck zur Verf\u00fcgung. Beide Schlafzimmer sind ausgestattet mit Flachbildfernsehern mit DVD-Playern. Ein Schlafzimmer verf\u00fcgt \u00fcber eine Wickelkommode.<\/span><\/p>\n<p><span style=\"font-family: 'Georgia',serif; color: #333333;\">Eine Holztreppe f\u00fchrt Sie vom Obergeschoss in den gem\u00fctlichen Spitzboden. Hier empf\u00e4ngt Sie eine offene Galerie mit einer Koje zum Chillen. Von der Galerie aus gelangen Sie in das dritte Schlafzimmer mit einem gro\u00dfen Giebelfenster. Dieses Schlafzimmer hat zwei Einzelbetten. Auch hier finden Sie einen Flachbildfernseher mit DVD-Player. WLAN steht Ihnen im ganzen Haus kostenlos zur Verf\u00fcgung.<\/span><\/p>\n<p><span style=\"font-family: 'Georgia',serif; color: #333333;\">Das Ferienhaus bietet Ihnen eine gro\u00dfz\u00fcgige Terrasse mit Gartenm\u00f6beln und ein abschlie\u00dfbares Gartenhaus. Nutzen Sie drau\u00dfen gerne den Elektrogrill. Ein Holzkohlengrill, offenes Feuer sowie Feuerwerk sind auf dem ganzen Gel\u00e4nde wegen der Reetd\u00e4cher nicht erlaubt.<\/span><\/p>\n<p><span style=\"font-family: 'Georgia',serif; color: #333333;\">Ihre E-Bikes laden Sie direkt vor Ihrer Haust\u00fcr auf. F\u00fcr den Besuch am Strand gibt es im Gartenhaus einen Bollerwagen und Sandspielzeug. Im Ferienresort Mariannenweg spielen Ihre Kinder sicher auf einem eingez\u00e4unten Spielplatz mit Schaukeln und Tischtennisplatte. Nach Belieben nutzen Sie den Volleyballplatz in der Anlage.<\/span><\/p>\n<p>&nbsp;<\/p>\n<p><img loading=\"lazy\" decoding=\"async\" class=\"alignnone size-medium wp-image-642\" src=\"http:\/\/www.boltenhagen.haus\/wp-content\/uploads\/2017\/04\/DSC06511-1-300x225.jpg\" alt=\"\" width=\"300\" height=\"225\" srcset=\"http:\/\/www.boltenhagen.haus\/wp-content\/uploads\/2017\/04\/DSC06511-1-300x225.jpg 300w, http:\/\/www.boltenhagen.haus\/wp-content\/uploads\/2017\/04\/DSC06511-1-768x576.jpg 768w, http:\/\/www.boltenhagen.haus\/wp-content\/uploads\/2017\/04\/DSC06511-1-1024x768.jpg 1024w\" sizes=\"auto, (max-width: 300px) 100vw, 300px\" \/>\u00a0<img loading=\"lazy\" decoding=\"async\" class=\"alignnone wp-image-574 size-medium\" src=\"http:\/\/www.boltenhagen.haus\/wp-content\/uploads\/2017\/04\/DSC06510-300x225.jpg\" alt=\"\" width=\"300\" height=\"225\" srcset=\"http:\/\/www.boltenhagen.haus\/wp-content\/uploads\/2017\/04\/DSC06510-300x225.jpg 300w, http:\/\/www.boltenhagen.haus\/wp-content\/uploads\/2017\/04\/DSC06510-768x576.jpg 768w, http:\/\/www.boltenhagen.haus\/wp-content\/uploads\/2017\/04\/DSC06510-1024x768.jpg 1024w\" sizes=\"auto, (max-width: 300px) 100vw, 300px\" \/>\u00a0<img loading=\"lazy\" decoding=\"async\" class=\"alignnone wp-image-653\" src=\"http:\/\/www.boltenhagen.haus\/wp-content\/uploads\/2017\/04\/P1190729-e1492616651512-225x300.jpg\" alt=\"\" width=\"169\" height=\"225\" srcset=\"http:\/\/www.boltenhagen.haus\/wp-content\/uploads\/2017\/04\/P1190729-e1492616651512-225x300.jpg 225w, http:\/\/www.boltenhagen.haus\/wp-content\/uploads\/2017\/04\/P1190729-e1492616651512-768x1024.jpg 768w, http:\/\/www.boltenhagen.haus\/wp-content\/uploads\/2017\/04\/P1190729-e1492616651512.jpg 1536w\" sizes=\"auto, (max-width: 169px) 100vw, 169px\" \/>\u00a0<img loading=\"lazy\" decoding=\"async\" class=\"alignnone wp-image-612\" src=\"http:\/\/boltenhagen.haus\/wp-content\/uploads\/2017\/04\/DSC06513-e1492592784701-225x300.jpg\" alt=\"\" width=\"169\" height=\"225\" srcset=\"http:\/\/www.boltenhagen.haus\/wp-content\/uploads\/2017\/04\/DSC06513-e1492592784701-225x300.jpg 225w, http:\/\/www.boltenhagen.haus\/wp-content\/uploads\/2017\/04\/DSC06513-e1492592784701-768x1024.jpg 768w, http:\/\/www.boltenhagen.haus\/wp-content\/uploads\/2017\/04\/DSC06513-e1492592784701.jpg 1944w\" sizes=\"auto, (max-width: 169px) 100vw, 169px\" \/>\u00a0<img loading=\"lazy\" decoding=\"async\" class=\"alignnone wp-image-582\" src=\"http:\/\/boltenhagen.haus\/wp-content\/uploads\/2017\/04\/DSC06490-e1492588357381-225x300.jpg\" alt=\"\" width=\"169\" height=\"225\" srcset=\"http:\/\/www.boltenhagen.haus\/wp-content\/uploads\/2017\/04\/DSC06490-e1492588357381-225x300.jpg 225w, http:\/\/www.boltenhagen.haus\/wp-content\/uploads\/2017\/04\/DSC06490-e1492588357381-768x1024.jpg 768w, http:\/\/www.boltenhagen.haus\/wp-content\/uploads\/2017\/04\/DSC06490-e1492588357381.jpg 1944w\" sizes=\"auto, (max-width: 169px) 100vw, 169px\" \/>\u00a0<img loading=\"lazy\" decoding=\"async\" class=\"alignnone size-medium wp-image-584\" src=\"http:\/\/boltenhagen.haus\/wp-content\/uploads\/2017\/04\/DSC06491-300x225.jpg\" alt=\"\" width=\"300\" height=\"225\" srcset=\"http:\/\/www.boltenhagen.haus\/wp-content\/uploads\/2017\/04\/DSC06491-300x225.jpg 300w, http:\/\/www.boltenhagen.haus\/wp-content\/uploads\/2017\/04\/DSC06491-768x576.jpg 768w, http:\/\/www.boltenhagen.haus\/wp-content\/uploads\/2017\/04\/DSC06491-1024x768.jpg 1024w\" sizes=\"auto, (max-width: 300px) 100vw, 300px\" \/>\u00a0<img loading=\"lazy\" decoding=\"async\" class=\"wp-image-581 alignleft\" src=\"http:\/\/boltenhagen.haus\/wp-content\/uploads\/2017\/04\/DSC06483-e1492588252351-225x300.jpg\" alt=\"\" width=\"220\" height=\"294\" srcset=\"http:\/\/www.boltenhagen.haus\/wp-content\/uploads\/2017\/04\/DSC06483-e1492588252351-225x300.jpg 225w, http:\/\/www.boltenhagen.haus\/wp-content\/uploads\/2017\/04\/DSC06483-e1492588252351-768x1024.jpg 768w, http:\/\/www.boltenhagen.haus\/wp-content\/uploads\/2017\/04\/DSC06483-e1492588252351.jpg 1944w\" sizes=\"auto, (max-width: 220px) 100vw, 220px\" \/>\u00a0<img loading=\"lazy\" decoding=\"async\" class=\"alignnone wp-image-580\" src=\"http:\/\/boltenhagen.haus\/wp-content\/uploads\/2017\/04\/DSC06488-e1492588168737-225x300.jpg\" alt=\"\" width=\"169\" height=\"225\" \/> <img loading=\"lazy\" decoding=\"async\" class=\"wp-image-830 alignleft\" src=\"http:\/\/www.boltenhagen.haus\/wp-content\/uploads\/2020\/11\/20200224_113753-225x300.jpg\" alt=\"\" width=\"221\" height=\"295\" srcset=\"http:\/\/www.boltenhagen.haus\/wp-content\/uploads\/2020\/11\/20200224_113753-225x300.jpg 225w, http:\/\/www.boltenhagen.haus\/wp-content\/uploads\/2020\/11\/20200224_113753-768x1024.jpg 768w, http:\/\/www.boltenhagen.haus\/wp-content\/uploads\/2020\/11\/20200224_113753-1152x1536.jpg 1152w, http:\/\/www.boltenhagen.haus\/wp-content\/uploads\/2020\/11\/20200224_113753-1536x2048.jpg 1536w, http:\/\/www.boltenhagen.haus\/wp-content\/uploads\/2020\/11\/20200224_113753-scaled.jpg 1920w\" sizes=\"auto, (max-width: 221px) 100vw, 221px\" \/>\u00a0\u00a0<img loading=\"lazy\" decoding=\"async\" class=\"wp-image-647 alignleft\" src=\"http:\/\/boltenhagen.haus\/wp-content\/uploads\/2017\/04\/DSC06474-e1492611736622-225x300.jpg\" alt=\"\" width=\"153\" height=\"204\" srcset=\"http:\/\/www.boltenhagen.haus\/wp-content\/uploads\/2017\/04\/DSC06474-e1492611736622-225x300.jpg 225w, http:\/\/www.boltenhagen.haus\/wp-content\/uploads\/2017\/04\/DSC06474-e1492611736622-768x1024.jpg 768w, http:\/\/www.boltenhagen.haus\/wp-content\/uploads\/2017\/04\/DSC06474-e1492611736622.jpg 1944w\" sizes=\"auto, (max-width: 153px) 100vw, 153px\" \/> \u00a0<img loading=\"lazy\" decoding=\"async\" class=\"wp-image-586 alignleft\" src=\"http:\/\/boltenhagen.haus\/wp-content\/uploads\/2017\/04\/DSC06477-e1492588796555-225x300.jpg\" alt=\"\" width=\"154\" height=\"205\" srcset=\"http:\/\/www.boltenhagen.haus\/wp-content\/uploads\/2017\/04\/DSC06477-e1492588796555-225x300.jpg 225w, http:\/\/www.boltenhagen.haus\/wp-content\/uploads\/2017\/04\/DSC06477-e1492588796555-768x1024.jpg 768w, http:\/\/www.boltenhagen.haus\/wp-content\/uploads\/2017\/04\/DSC06477-e1492588796555.jpg 1944w\" sizes=\"auto, (max-width: 154px) 100vw, 154px\" \/><\/p>\n<p>&nbsp;<\/p>\n<p><img loading=\"lazy\" decoding=\"async\" class=\"wp-image-835 alignleft\" src=\"http:\/\/www.boltenhagen.haus\/wp-content\/uploads\/2020\/11\/20200224_113742-225x300.jpg\" alt=\"\" width=\"153\" height=\"204\" srcset=\"http:\/\/www.boltenhagen.haus\/wp-content\/uploads\/2020\/11\/20200224_113742-225x300.jpg 225w, http:\/\/www.boltenhagen.haus\/wp-content\/uploads\/2020\/11\/20200224_113742-1152x1536.jpg 1152w, http:\/\/www.boltenhagen.haus\/wp-content\/uploads\/2020\/11\/20200224_113742-1536x2048.jpg 1536w, http:\/\/www.boltenhagen.haus\/wp-content\/uploads\/2020\/11\/20200224_113742-scaled.jpg 1920w\" sizes=\"auto, (max-width: 153px) 100vw, 153px\" \/><img loading=\"lazy\" decoding=\"async\" class=\"wp-image-829 alignleft\" src=\"http:\/\/www.boltenhagen.haus\/wp-content\/uploads\/2020\/11\/20200224_113553-225x300.jpg\" alt=\"\" width=\"155\" height=\"207\" srcset=\"http:\/\/www.boltenhagen.haus\/wp-content\/uploads\/2020\/11\/20200224_113553-225x300.jpg 225w, http:\/\/www.boltenhagen.haus\/wp-content\/uploads\/2020\/11\/20200224_113553-1152x1536.jpg 1152w, http:\/\/www.boltenhagen.haus\/wp-content\/uploads\/2020\/11\/20200224_113553-1536x2048.jpg 1536w, http:\/\/www.boltenhagen.haus\/wp-content\/uploads\/2020\/11\/20200224_113553-scaled.jpg 1920w\" sizes=\"auto, (max-width: 155px) 100vw, 155px\" \/><\/p>\n<p>&nbsp;<\/p>\n","protected":false},"excerpt":{"rendered":"<p>Das Reetdachhaus Schatzkiste bietet Ihnen auf ca. 102 qm Wohnfl\u00e4che und drei Ebenen viel Platz. Es verf\u00fcgt \u00fcber 6 Betten mit hochwertigen Matratzen und ein Kinderreisebett. Wenn Sie das Haus betreten, erwartet Sie im Flur eine gro\u00dfz\u00fcgige Garderobe. Vom Flur gelangen Sie im Erdgeschoss in den gro\u00dfen Wohn- und Essbereich mit offener K\u00fcche. Im Wohnbereich<\/p>\n","protected":false},"author":1,"featured_media":0,"parent":546,"menu_order":1,"comment_status":"closed","ping_status":"closed","template":"","meta":{"footnotes":""},"class_list":["post-80","page","type-page","status-publish","hentry"],"_links":{"self":[{"href":"http:\/\/www.boltenhagen.haus\/index.php?rest_route=\/wp\/v2\/pages\/80","targetHints":{"allow":["GET"]}}],"collection":[{"href":"http:\/\/www.boltenhagen.haus\/index.php?rest_route=\/wp\/v2\/pages"}],"about":[{"href":"http:\/\/www.boltenhagen.haus\/index.php?rest_route=\/wp\/v2\/types\/page"}],"author":[{"embeddable":true,"href":"http:\/\/www.boltenhagen.haus\/index.php?rest_route=\/wp\/v2\/users\/1"}],"replies":[{"embeddable":true,"href":"http:\/\/www.boltenhagen.haus\/index.php?rest_route=%2Fwp%2Fv2%2Fcomments&post=80"}],"version-history":[{"count":42,"href":"http:\/\/www.boltenhagen.haus\/index.php?rest_route=\/wp\/v2\/pages\/80\/revisions"}],"predecessor-version":[{"id":850,"href":"http:\/\/www.boltenhagen.haus\/index.php?rest_route=\/wp\/v2\/pages\/80\/revisions\/850"}],"up":[{"embeddable":true,"href":"http:\/\/www.boltenhagen.haus\/index.php?rest_route=\/wp\/v2\/pages\/546"}],"wp:attachment":[{"href":"http:\/\/www.boltenhagen.haus\/index.php?rest_route=%2Fwp%2Fv2%2Fmedia&parent=80"}],"curies":[{"name":"wp","href":"https:\/\/api.w.org\/{rel}","templated":true}]}}