{"id":57,"date":"2017-04-17T17:18:52","date_gmt":"2017-04-17T17:18:52","guid":{"rendered":"http:\/\/boltenhagen.haus\/?page_id=57"},"modified":"2026-01-24T12:35:58","modified_gmt":"2026-01-24T12:35:58","slug":"schatzkiste-fuer-ihre-wertvolle-zeit","status":"publish","type":"page","link":"http:\/\/www.boltenhagen.haus\/?page_id=57","title":{"rendered":"Strand und mehr"},"content":{"rendered":"<p><span style=\"font-family: 'Georgia',serif; color: #333333;\">Strand und mehr bietet ein Urlaub im Reetdachhaus Schatzkiste an einem der sch\u00f6nsten Str\u00e4nde der deutschen K\u00fcste.\u00a0<\/span><\/p>\n<p><span style=\"font-family: 'Georgia',serif; color: #333333;\">Der breite, flach abfallende Strand der Boltenhagener Bucht ist etwas Besonderes. Eine gro\u00dfz\u00fcgige, 2,2 Kilometer lange D\u00fcnenpromenade l\u00e4dt zu sch\u00f6nen Spazierg\u00e4ngen ein. Wenn Sie auf das blaue Meer und die gr\u00fcne K\u00fcste schauen, genie\u00dfen Sie die Natur. Die traditionellen Strandk\u00f6rbe haben hier viel Platz und stehen tage- oder wochenweise zur Miete zur Verf\u00fcgung.<\/span><\/p>\n<p><span style=\"font-family: 'Georgia',serif; color: #333333;\">Noch ist der Ort Boltenhagen ein Geheimtipp. Mit eher kleinen H\u00e4usern und wenig Trubel bewahrt sich das anerkannte Seeheilbad ganz bewusst seine Nat\u00fcrlichkeit. Eine Seebr\u00fccke, ein Kurpark, kleine Gesch\u00e4fte und feine Restaurants sorgen im Zentrum von Boltenhagen f\u00fcr das Feeling eines Kurortes.<\/span><\/p>\n<p>Direkt vom Resort Mariannenweg spazieren Sie auf angelegten Wegen in die Salzwiesen. Wer gern im Wald klettern m\u00f6chte, freut sich \u00fcber den Kletterpark direkt gegen\u00fcber des Ferienhausresorts.<\/p>\n<p><span style=\"font-family: 'Georgia',serif; color: #333333;\">Abwechslung bringen\u00a0steile K\u00fcstenabschnitte und machen einen weiteren Reiz dieser Ostseebucht aus. Das Hinterland ist sanft h\u00fcgelig und gr\u00fcn. Die \u00fcberwiegend unbebaute, urspr\u00fcngliche Landschaft l\u00e4dt zum Wandern und Radfahren ein. Mehrere Fahrradverleih-Stationen bieten in Boltenhagen eine breite Palette an Tretfahrzeugen f\u00fcr jeden Radler.<\/span><\/p>\n<p><span style=\"font-family: 'Georgia',serif; color: #333333;\">Etwa 2 km vom Reetdachhaus Schatzkiste in \u00f6stlicher Richtung befindet sich der neu gestaltete Bereich Wei\u00dfe Wiek mit Strand, Hafen, Segelrevier und Tauchbasis. Surfer finden in der nahen Umgebung von Boltenhagen, am Strand von Schwansee\u00a0in Richtung L\u00fcbeck oder in Richtung Wismar am Strand der Bucht Wohlenberger Wiek sowie am Strand in Beckerwitz ideale Bedingungen.<\/span><\/p>\n<p>Die Hansestadt L\u00fcbeck liegt 30 km in westlicher, die Hansestadt\u00a0Wismar 20 km in \u00f6stlicher Richtung. Beide St\u00e4dte sind sehr sehenswert und locken mit ihren Ausflugszielen. Hervorzuheben sind in Wismar die historische Altstadt und das Spassbad Wonnemar, in L\u00fcbeck u. a. das Holstentor und das Buddenbrookhaus.<\/p>\n<div>\n<p>Damit Sie mobil bleiben gibt es in Kl\u00fctz eine TOTAL-Tankstelle und in Boltenhagen mehrere Elektro-Lades\u00e4ulen.<\/p>\n<\/div>\n<p>&nbsp;<\/p>\n<p>&nbsp;<\/p>\n<p><img loading=\"lazy\" decoding=\"async\" class=\"alignnone size-medium wp-image-700\" src=\"http:\/\/www.boltenhagen.haus\/wp-content\/uploads\/2017\/04\/DSC06338-300x225.jpg\" alt=\"\" width=\"300\" height=\"225\" srcset=\"http:\/\/www.boltenhagen.haus\/wp-content\/uploads\/2017\/04\/DSC06338-300x225.jpg 300w, http:\/\/www.boltenhagen.haus\/wp-content\/uploads\/2017\/04\/DSC06338-768x576.jpg 768w, http:\/\/www.boltenhagen.haus\/wp-content\/uploads\/2017\/04\/DSC06338-1024x768.jpg 1024w\" sizes=\"auto, (max-width: 300px) 100vw, 300px\" \/>\u00a0<img loading=\"lazy\" decoding=\"async\" class=\"alignnone size-medium wp-image-701\" src=\"http:\/\/www.boltenhagen.haus\/wp-content\/uploads\/2017\/04\/DSC05699-300x225.jpg\" alt=\"\" width=\"300\" height=\"225\" srcset=\"http:\/\/www.boltenhagen.haus\/wp-content\/uploads\/2017\/04\/DSC05699-300x225.jpg 300w, http:\/\/www.boltenhagen.haus\/wp-content\/uploads\/2017\/04\/DSC05699-768x576.jpg 768w, http:\/\/www.boltenhagen.haus\/wp-content\/uploads\/2017\/04\/DSC05699-1024x768.jpg 1024w\" sizes=\"auto, (max-width: 300px) 100vw, 300px\" \/>\u00a0<img loading=\"lazy\" decoding=\"async\" class=\"alignnone size-medium wp-image-702\" src=\"http:\/\/www.boltenhagen.haus\/wp-content\/uploads\/2017\/04\/DSC06326-300x225.jpg\" alt=\"\" width=\"300\" height=\"225\" srcset=\"http:\/\/www.boltenhagen.haus\/wp-content\/uploads\/2017\/04\/DSC06326-300x225.jpg 300w, http:\/\/www.boltenhagen.haus\/wp-content\/uploads\/2017\/04\/DSC06326-768x576.jpg 768w, http:\/\/www.boltenhagen.haus\/wp-content\/uploads\/2017\/04\/DSC06326-1024x768.jpg 1024w\" sizes=\"auto, (max-width: 300px) 100vw, 300px\" \/><\/p>\n","protected":false},"excerpt":{"rendered":"<p>Strand und mehr bietet ein Urlaub im Reetdachhaus Schatzkiste an einem der sch\u00f6nsten Str\u00e4nde der deutschen K\u00fcste.\u00a0 Der breite, flach abfallende Strand der Boltenhagener Bucht ist etwas Besonderes. Eine gro\u00dfz\u00fcgige, 2,2 Kilometer lange D\u00fcnenpromenade l\u00e4dt zu sch\u00f6nen Spazierg\u00e4ngen ein. Wenn Sie auf das blaue Meer und die gr\u00fcne K\u00fcste schauen, genie\u00dfen Sie die Natur. Die<\/p>\n","protected":false},"author":1,"featured_media":606,"parent":546,"menu_order":2,"comment_status":"closed","ping_status":"closed","template":"","meta":{"footnotes":""},"class_list":["post-57","page","type-page","status-publish","has-post-thumbnail","hentry"],"_links":{"self":[{"href":"http:\/\/www.boltenhagen.haus\/index.php?rest_route=\/wp\/v2\/pages\/57","targetHints":{"allow":["GET"]}}],"collection":[{"href":"http:\/\/www.boltenhagen.haus\/index.php?rest_route=\/wp\/v2\/pages"}],"about":[{"href":"http:\/\/www.boltenhagen.haus\/index.php?rest_route=\/wp\/v2\/types\/page"}],"author":[{"embeddable":true,"href":"http:\/\/www.boltenhagen.haus\/index.php?rest_route=\/wp\/v2\/users\/1"}],"replies":[{"embeddable":true,"href":"http:\/\/www.boltenhagen.haus\/index.php?rest_route=%2Fwp%2Fv2%2Fcomments&post=57"}],"version-history":[{"count":26,"href":"http:\/\/www.boltenhagen.haus\/index.php?rest_route=\/wp\/v2\/pages\/57\/revisions"}],"predecessor-version":[{"id":851,"href":"http:\/\/www.boltenhagen.haus\/index.php?rest_route=\/wp\/v2\/pages\/57\/revisions\/851"}],"up":[{"embeddable":true,"href":"http:\/\/www.boltenhagen.haus\/index.php?rest_route=\/wp\/v2\/pages\/546"}],"wp:featuredmedia":[{"embeddable":true,"href":"http:\/\/www.boltenhagen.haus\/index.php?rest_route=\/wp\/v2\/media\/606"}],"wp:attachment":[{"href":"http:\/\/www.boltenhagen.haus\/index.php?rest_route=%2Fwp%2Fv2%2Fmedia&parent=57"}],"curies":[{"name":"wp","href":"https:\/\/api.w.org\/{rel}","templated":true}]}}