{"id":546,"date":"2017-04-18T13:53:50","date_gmt":"2017-04-18T13:53:50","guid":{"rendered":"http:\/\/boltenhagen.haus\/?page_id=546"},"modified":"2020-11-21T18:50:28","modified_gmt":"2020-11-21T18:50:28","slug":"welcome","status":"publish","type":"page","link":"http:\/\/www.boltenhagen.haus\/","title":{"rendered":"unter\u00b4m Reetdach"},"content":{"rendered":"<p><span style=\"font-family: 'Georgia',serif; color: #333333;\">Herzlich willkommen auf der Webseite unseres Reetdachhauses Schatzkiste im Ostseebad Boltenhagen!<\/span><\/p>\n<p><span style=\"font-family: 'Georgia',serif; color: #333333;\">Neues kennen lernen, Sport machen, Natur sp\u00fcren, Ruhe genie\u00dfen, Zeit haben geh\u00f6rt f\u00fcr die Meisten zu einem sch\u00f6nen Urlaub. Das Reetdachhaus Schatzkiste ist der ideale Ort, all das zu verwirklichen: entdecken und erholen.<\/span><\/p>\n<p><span style=\"font-family: 'Georgia',serif; color: #333333;\">Das 2016 fertig gestellte Reetdachhaus Schatzkiste erwartet Sie im Ferienresort Mariannenweg im Ostseebad Boltenhagen. Das Resort besteht aus 20 Reetdachdoppelh\u00e4usern, die sich locker auf einem gepflegten Areal mit eigenem Spielplatz und Volleyballfeld verteilen. Ein eigener Parkplatz steht am Eingang zum Resort zur Verf\u00fcgung.<\/span><\/p>\n<p><span style=\"font-family: 'Georgia',serif; color: #333333;\">Die naturnahe Lage des Reetdachhauses Schatzkiste wird Sie begeistern. Vor allem der nur ca. 400 m kurze Fu\u00dfweg zum Strand sorgt f\u00fcr gute Laune bei Gro\u00df und Klein.<\/span><\/p>\n<p><span style=\"font-family: 'Georgia',serif; color: #333333;\">Gehen Sie auf Entdeckungstour&#8230;!<\/span><\/p>\n<p>&nbsp;<\/p>\n<p>&nbsp;<\/p>\n<p>&nbsp;<\/p>\n<p>&nbsp;<\/p>\n<p><img loading=\"lazy\" decoding=\"async\" class=\"alignnone size-medium wp-image-576\" src=\"http:\/\/boltenhagen.haus\/wp-content\/uploads\/2017\/04\/DSC06511-300x225.jpg\" alt=\"\" width=\"300\" height=\"225\" srcset=\"http:\/\/www.boltenhagen.haus\/wp-content\/uploads\/2017\/04\/DSC06511-300x225.jpg 300w, http:\/\/www.boltenhagen.haus\/wp-content\/uploads\/2017\/04\/DSC06511-768x576.jpg 768w, http:\/\/www.boltenhagen.haus\/wp-content\/uploads\/2017\/04\/DSC06511-1024x768.jpg 1024w\" sizes=\"auto, (max-width: 300px) 100vw, 300px\" \/>\u00a0<img loading=\"lazy\" decoding=\"async\" class=\"alignnone size-medium wp-image-564\" src=\"http:\/\/boltenhagen.haus\/wp-content\/uploads\/2017\/04\/P1190562-300x225.jpg\" alt=\"\" width=\"300\" height=\"225\" srcset=\"http:\/\/www.boltenhagen.haus\/wp-content\/uploads\/2017\/04\/P1190562-300x225.jpg 300w, http:\/\/www.boltenhagen.haus\/wp-content\/uploads\/2017\/04\/P1190562-768x576.jpg 768w, http:\/\/www.boltenhagen.haus\/wp-content\/uploads\/2017\/04\/P1190562-1024x768.jpg 1024w, http:\/\/www.boltenhagen.haus\/wp-content\/uploads\/2017\/04\/P1190562.jpg 2048w\" sizes=\"auto, (max-width: 300px) 100vw, 300px\" \/>\u00a0<img loading=\"lazy\" decoding=\"async\" class=\"alignnone size-medium wp-image-574\" src=\"http:\/\/boltenhagen.haus\/wp-content\/uploads\/2017\/04\/DSC06510-300x225.jpg\" alt=\"\" width=\"300\" height=\"225\" srcset=\"http:\/\/www.boltenhagen.haus\/wp-content\/uploads\/2017\/04\/DSC06510-300x225.jpg 300w, http:\/\/www.boltenhagen.haus\/wp-content\/uploads\/2017\/04\/DSC06510-768x576.jpg 768w, http:\/\/www.boltenhagen.haus\/wp-content\/uploads\/2017\/04\/DSC06510-1024x768.jpg 1024w\" sizes=\"auto, (max-width: 300px) 100vw, 300px\" \/><\/p>\n<p>&nbsp;<\/p>\n","protected":false},"excerpt":{"rendered":"<p>Herzlich willkommen auf der Webseite unseres Reetdachhauses Schatzkiste im Ostseebad Boltenhagen! Neues kennen lernen, Sport machen, Natur sp\u00fcren, Ruhe genie\u00dfen, Zeit haben geh\u00f6rt f\u00fcr die Meisten zu einem sch\u00f6nen Urlaub. Das Reetdachhaus Schatzkiste ist der ideale Ort, all das zu verwirklichen: entdecken und erholen. Das 2016 fertig gestellte Reetdachhaus Schatzkiste erwartet Sie im Ferienresort Mariannenweg<\/p>\n","protected":false},"author":1,"featured_media":16,"parent":0,"menu_order":0,"comment_status":"closed","ping_status":"closed","template":"","meta":{"footnotes":""},"class_list":["post-546","page","type-page","status-publish","has-post-thumbnail","hentry"],"_links":{"self":[{"href":"http:\/\/www.boltenhagen.haus\/index.php?rest_route=\/wp\/v2\/pages\/546","targetHints":{"allow":["GET"]}}],"collection":[{"href":"http:\/\/www.boltenhagen.haus\/index.php?rest_route=\/wp\/v2\/pages"}],"about":[{"href":"http:\/\/www.boltenhagen.haus\/index.php?rest_route=\/wp\/v2\/types\/page"}],"author":[{"embeddable":true,"href":"http:\/\/www.boltenhagen.haus\/index.php?rest_route=\/wp\/v2\/users\/1"}],"replies":[{"embeddable":true,"href":"http:\/\/www.boltenhagen.haus\/index.php?rest_route=%2Fwp%2Fv2%2Fcomments&post=546"}],"version-history":[{"count":24,"href":"http:\/\/www.boltenhagen.haus\/index.php?rest_route=\/wp\/v2\/pages\/546\/revisions"}],"predecessor-version":[{"id":789,"href":"http:\/\/www.boltenhagen.haus\/index.php?rest_route=\/wp\/v2\/pages\/546\/revisions\/789"}],"wp:featuredmedia":[{"embeddable":true,"href":"http:\/\/www.boltenhagen.haus\/index.php?rest_route=\/wp\/v2\/media\/16"}],"wp:attachment":[{"href":"http:\/\/www.boltenhagen.haus\/index.php?rest_route=%2Fwp%2Fv2%2Fmedia&parent=546"}],"curies":[{"name":"wp","href":"https:\/\/api.w.org\/{rel}","templated":true}]}}